{"id":2964,"date":"2024-03-11T16:00:27","date_gmt":"2024-03-11T20:00:27","guid":{"rendered":"https:\/\/www.xtl.com\/portal\/?page_id=2964"},"modified":"2024-03-15T11:00:16","modified_gmt":"2024-03-15T15:00:16","slug":"carrieres","status":"publish","type":"page","link":"https:\/\/www.xtl.com\/portal\/carrieres\/","title":{"rendered":"Carri\u00e8res"},"content":{"rendered":"\r\n<h2 class=\"wp-block-heading\">Avantages<\/h2>\r\n\r\n\r\n\r\n<p>Chez XTL, on aime le progr\u00e8s. On utilise la technologie pour faire \u00e9voluer la qualit\u00e9 de vie. On ne fait pas que parler de l\u2019avenir, on met en place une vision nouvelle de l\u2019industrie. Travailler chez XTL, c\u2019est profiter d\u2019avantages innovants et emprunter la voie vers l\u2019\u00e9quilibre travail-vie. En devenant chauffeur pour XTL, vous ne vous serez jamais autant senti sur votre X.<\/p>","protected":false},"excerpt":{"rendered":"<p>Avantages Chez XTL, on aime le progr\u00e8s. On utilise la technologie pour faire \u00e9voluer la qualit\u00e9 de vie. On ne fait pas que parler de l\u2019avenir, on met en place une vision nouvelle de l\u2019industrie. Travailler chez XTL, c\u2019est profiter d\u2019avantages innovants et emprunter la voie vers l\u2019\u00e9quilibre travail-vie. En devenant chauffeur pour XTL, vous ne vous serez jamais autant senti sur votre X.<\/p>\n","protected":false},"author":28,"featured_media":0,"parent":0,"menu_order":0,"comment_status":"closed","ping_status":"closed","template":"","meta":{"_acf_changed":false,"footnotes":""},"class_list":["post-2964","page","type-page","status-publish","hentry"],"acf":[],"yoast_head":"<!-- This site is optimized with the Yoast SEO plugin v27.3 - https:\/\/yoast.com\/product\/yoast-seo-wordpress\/ -->\n<title>Carri\u00e8res - XTL Transport Inc.<\/title>\n<meta name=\"robots\" content=\"index, follow, max-snippet:-1, max-image-preview:large, max-video-preview:-1\" \/>\n<link rel=\"canonical\" href=\"https:\/\/www.xtl.com\/portal\/carrieres\/\" \/>\n<meta property=\"og:locale\" content=\"en_US\" \/>\n<meta property=\"og:type\" content=\"article\" \/>\n<meta property=\"og:title\" content=\"Carri\u00e8res - XTL Transport Inc.\" \/>\n<meta property=\"og:description\" content=\"Avantages Chez XTL, on aime le progr\u00e8s. On utilise la technologie pour faire \u00e9voluer la qualit\u00e9 de vie. On ne fait pas que parler de l\u2019avenir, on met en place une vision nouvelle de l\u2019industrie. Travailler chez XTL, c\u2019est profiter d\u2019avantages innovants et emprunter la voie vers l\u2019\u00e9quilibre travail-vie. En devenant chauffeur pour XTL, vous ne vous serez jamais autant senti sur votre X.\" \/>\n<meta property=\"og:url\" content=\"https:\/\/www.xtl.com\/portal\/carrieres\/\" \/>\n<meta property=\"og:site_name\" content=\"XTL Transport Inc.\" \/>\n<meta property=\"article:modified_time\" content=\"2024-03-15T15:00:16+00:00\" \/>\n<meta name=\"twitter:card\" content=\"summary_large_image\" \/>\n<meta name=\"twitter:label1\" content=\"Est. reading time\" \/>\n\t<meta name=\"twitter:data1\" content=\"1 minute\" \/>\n<script type=\"application\/ld+json\" class=\"yoast-schema-graph\">{\"@context\":\"https:\\\/\\\/schema.org\",\"@graph\":[{\"@type\":\"WebPage\",\"@id\":\"https:\\\/\\\/www.xtl.com\\\/portal\\\/carrieres\\\/\",\"url\":\"https:\\\/\\\/www.xtl.com\\\/portal\\\/carrieres\\\/\",\"name\":\"Carri\u00e8res - XTL Transport Inc.\",\"isPartOf\":{\"@id\":\"https:\\\/\\\/www.xtl.com\\\/portal\\\/#website\"},\"datePublished\":\"2024-03-11T20:00:27+00:00\",\"dateModified\":\"2024-03-15T15:00:16+00:00\",\"breadcrumb\":{\"@id\":\"https:\\\/\\\/www.xtl.com\\\/portal\\\/carrieres\\\/#breadcrumb\"},\"inLanguage\":\"en-US\",\"potentialAction\":[{\"@type\":\"ReadAction\",\"target\":[\"https:\\\/\\\/www.xtl.com\\\/portal\\\/carrieres\\\/\"]}]},{\"@type\":\"BreadcrumbList\",\"@id\":\"https:\\\/\\\/www.xtl.com\\\/portal\\\/carrieres\\\/#breadcrumb\",\"itemListElement\":[{\"@type\":\"ListItem\",\"position\":1,\"name\":\"Home\",\"item\":\"https:\\\/\\\/www.xtl.com\\\/portal\\\/\"},{\"@type\":\"ListItem\",\"position\":2,\"name\":\"Carri\u00e8res\"}]},{\"@type\":\"WebSite\",\"@id\":\"https:\\\/\\\/www.xtl.com\\\/portal\\\/#website\",\"url\":\"https:\\\/\\\/www.xtl.com\\\/portal\\\/\",\"name\":\"XTL Transport Inc.\",\"description\":\"XTL Transport Inc.\",\"potentialAction\":[{\"@type\":\"SearchAction\",\"target\":{\"@type\":\"EntryPoint\",\"urlTemplate\":\"https:\\\/\\\/www.xtl.com\\\/portal\\\/?s={search_term_string}\"},\"query-input\":{\"@type\":\"PropertyValueSpecification\",\"valueRequired\":true,\"valueName\":\"search_term_string\"}}],\"inLanguage\":\"en-US\"}]}<\/script>\n<!-- \/ Yoast SEO plugin. -->","yoast_head_json":{"title":"Carri\u00e8res - XTL Transport Inc.","robots":{"index":"index","follow":"follow","max-snippet":"max-snippet:-1","max-image-preview":"max-image-preview:large","max-video-preview":"max-video-preview:-1"},"canonical":"https:\/\/www.xtl.com\/portal\/carrieres\/","og_locale":"en_US","og_type":"article","og_title":"Carri\u00e8res - XTL Transport Inc.","og_description":"Avantages Chez XTL, on aime le progr\u00e8s. On utilise la technologie pour faire \u00e9voluer la qualit\u00e9 de vie. On ne fait pas que parler de l\u2019avenir, on met en place une vision nouvelle de l\u2019industrie. Travailler chez XTL, c\u2019est profiter d\u2019avantages innovants et emprunter la voie vers l\u2019\u00e9quilibre travail-vie. En devenant chauffeur pour XTL, vous ne vous serez jamais autant senti sur votre X.","og_url":"https:\/\/www.xtl.com\/portal\/carrieres\/","og_site_name":"XTL Transport Inc.","article_modified_time":"2024-03-15T15:00:16+00:00","twitter_card":"summary_large_image","twitter_misc":{"Est. reading time":"1 minute"},"schema":{"@context":"https:\/\/schema.org","@graph":[{"@type":"WebPage","@id":"https:\/\/www.xtl.com\/portal\/carrieres\/","url":"https:\/\/www.xtl.com\/portal\/carrieres\/","name":"Carri\u00e8res - XTL Transport Inc.","isPartOf":{"@id":"https:\/\/www.xtl.com\/portal\/#website"},"datePublished":"2024-03-11T20:00:27+00:00","dateModified":"2024-03-15T15:00:16+00:00","breadcrumb":{"@id":"https:\/\/www.xtl.com\/portal\/carrieres\/#breadcrumb"},"inLanguage":"en-US","potentialAction":[{"@type":"ReadAction","target":["https:\/\/www.xtl.com\/portal\/carrieres\/"]}]},{"@type":"BreadcrumbList","@id":"https:\/\/www.xtl.com\/portal\/carrieres\/#breadcrumb","itemListElement":[{"@type":"ListItem","position":1,"name":"Home","item":"https:\/\/www.xtl.com\/portal\/"},{"@type":"ListItem","position":2,"name":"Carri\u00e8res"}]},{"@type":"WebSite","@id":"https:\/\/www.xtl.com\/portal\/#website","url":"https:\/\/www.xtl.com\/portal\/","name":"XTL Transport Inc.","description":"XTL Transport Inc.","potentialAction":[{"@type":"SearchAction","target":{"@type":"EntryPoint","urlTemplate":"https:\/\/www.xtl.com\/portal\/?s={search_term_string}"},"query-input":{"@type":"PropertyValueSpecification","valueRequired":true,"valueName":"search_term_string"}}],"inLanguage":"en-US"}]}},"_links":{"self":[{"href":"https:\/\/www.xtl.com\/portal\/wp-json\/wp\/v2\/pages\/2964","targetHints":{"allow":["GET"]}}],"collection":[{"href":"https:\/\/www.xtl.com\/portal\/wp-json\/wp\/v2\/pages"}],"about":[{"href":"https:\/\/www.xtl.com\/portal\/wp-json\/wp\/v2\/types\/page"}],"author":[{"embeddable":true,"href":"https:\/\/www.xtl.com\/portal\/wp-json\/wp\/v2\/users\/28"}],"replies":[{"embeddable":true,"href":"https:\/\/www.xtl.com\/portal\/wp-json\/wp\/v2\/comments?post=2964"}],"version-history":[{"count":5,"href":"https:\/\/www.xtl.com\/portal\/wp-json\/wp\/v2\/pages\/2964\/revisions"}],"predecessor-version":[{"id":2999,"href":"https:\/\/www.xtl.com\/portal\/wp-json\/wp\/v2\/pages\/2964\/revisions\/2999"}],"wp:attachment":[{"href":"https:\/\/www.xtl.com\/portal\/wp-json\/wp\/v2\/media?parent=2964"}],"curies":[{"name":"wp","href":"https:\/\/api.w.org\/{rel}","templated":true}]}}